{"id":39,"date":"2021-08-04T16:50:05","date_gmt":"2021-08-04T19:50:05","guid":{"rendered":"https:\/\/amb.org.br\/asb\/?page_id=39"},"modified":"2021-08-04T16:50:05","modified_gmt":"2021-08-04T19:50:05","slug":"quem-somos","status":"publish","type":"page","link":"https:\/\/amb.org.br\/asb\/quem-somos\/","title":{"rendered":"Quem somos"},"content":{"rendered":"\n<p>A Alian\u00e7a pela Sa\u00fade do Brasil (ASB) \u00e9 a semente de um pacto social por assist\u00eancia digna aos cidad\u00e3os que come\u00e7a a ser desenhado pela Associa\u00e7\u00e3o M\u00e9dica Brasileira (AMB) a muitas m\u00e3os com um grupo plural de institui\u00e7\u00f5es de representatividade e credibilidade, entre elas a Fiesp, Febraban, Associa\u00e7\u00e3o Nacional de Hospitais Privados (ANAHP), Conselho Nacional de Secret\u00e1rios de Sa\u00fade (Conass), Conselho Nacional de Secretarias Municipais de Sa\u00fade (CONASEMS), Confedera\u00e7\u00e3o das Santas Casas de Miseric\u00f3rdia, Hospitais e Entidades Filantr\u00f3picas (CMB), Fecomercio, Ordem dos Advogados do Brasil (OAB), Instituto Ethos e Sindusfarma.<\/p>\n\n\n\n<p>A cria\u00e7\u00e3o do Alian\u00e7a pela Sa\u00fade do Brasil (ASB), a prop\u00f3sito, vai ao encontro dos direitos constitucionais consagrados na Constitui\u00e7\u00e3o Federal, de 1988, da Rep\u00fablica Federativa do Brasil em seu artigo 196, t\u00edtulo VIII, cap\u00edtulo II, se\u00e7\u00e3o II:<\/p>\n\n\n\n<p>\u201cA sa\u00fade \u00e9 direito de todos e dever do Estado, garantido mediante pol\u00edticas sociais e econ\u00f4micas que visem \u00e0 redu\u00e7\u00e3o do risco de doen\u00e7a e de outros agravos e ao acesso universal e igualit\u00e1rio \u00e0s a\u00e7\u00f5es e servi\u00e7os para sua promo\u00e7\u00e3o, prote\u00e7\u00e3o e recupera\u00e7\u00e3o.\u201d<\/p>\n\n\n\n<p>Assim, a partir do momento de sua instala\u00e7\u00e3o oficial, a ASB trabalha na an\u00e1lise e debate de quest\u00f5es emergentes, de forma a propor ideias de pol\u00edticas que venham a garantir a todos os brasileiros sa\u00fade realmente universal, igualit\u00e1ria e digna.<\/p>\n","protected":false},"excerpt":{"rendered":"<p>A Alian\u00e7a pela Sa\u00fade do Brasil (ASB) \u00e9 a semente de um pacto social por assist\u00eancia digna aos cidad\u00e3os que come\u00e7a a ser desenhado pela Associa\u00e7\u00e3o M\u00e9dica Brasileira (AMB) a muitas m\u00e3os com um grupo plural de institui\u00e7\u00f5es de representatividade e credibilidade, entre elas a Fiesp, Febraban, Associa\u00e7\u00e3o Nacional de Hospitais Privados (ANAHP), Conselho Nacional de Secret\u00e1rios de Sa\u00fade (Conass), Conselho Nacional de Secretarias Municipais de Sa\u00fade (CONASEMS), Confedera\u00e7\u00e3o das Santas Casas de Miseric\u00f3rdia, Hospitais e Entidades Filantr\u00f3picas (CMB), Fecomercio, Ordem dos Advogados do Brasil (OAB), Instituto Ethos e Sindusfarma. A cria\u00e7\u00e3o do Alian\u00e7a pela Sa\u00fade do Brasil (ASB), a prop\u00f3sito, vai ao encontro dos direitos constitucionais consagrados na Constitui\u00e7\u00e3o Federal, de 1988, da Rep\u00fablica Federativa do Brasil em seu artigo 196, t\u00edtulo VIII, cap\u00edtulo II, se\u00e7\u00e3o II: \u201cA sa\u00fade \u00e9 direito de todos e dever do Estado, garantido mediante pol\u00edticas sociais e econ\u00f4micas que visem \u00e0 redu\u00e7\u00e3o do risco de doen\u00e7a e de outros agravos e ao acesso universal e igualit\u00e1rio \u00e0s a\u00e7\u00f5es e servi\u00e7os para sua promo\u00e7\u00e3o, prote\u00e7\u00e3o e recupera\u00e7\u00e3o.\u201d Assim, a partir do momento de sua instala\u00e7\u00e3o oficial, a ASB trabalha na an\u00e1lise e debate de quest\u00f5es emergentes, de forma a propor ideias de pol\u00edticas que venham<\/p>\n","protected":false},"author":1,"featured_media":40,"parent":0,"menu_order":0,"comment_status":"closed","ping_status":"closed","template":"","meta":{"footnotes":""},"class_list":["post-39","page","type-page","status-publish","has-post-thumbnail","hentry"],"_links":{"self":[{"href":"https:\/\/amb.org.br\/asb\/wp-json\/wp\/v2\/pages\/39","targetHints":{"allow":["GET"]}}],"collection":[{"href":"https:\/\/amb.org.br\/asb\/wp-json\/wp\/v2\/pages"}],"about":[{"href":"https:\/\/amb.org.br\/asb\/wp-json\/wp\/v2\/types\/page"}],"author":[{"embeddable":true,"href":"https:\/\/amb.org.br\/asb\/wp-json\/wp\/v2\/users\/1"}],"replies":[{"embeddable":true,"href":"https:\/\/amb.org.br\/asb\/wp-json\/wp\/v2\/comments?post=39"}],"version-history":[{"count":1,"href":"https:\/\/amb.org.br\/asb\/wp-json\/wp\/v2\/pages\/39\/revisions"}],"predecessor-version":[{"id":41,"href":"https:\/\/amb.org.br\/asb\/wp-json\/wp\/v2\/pages\/39\/revisions\/41"}],"wp:featuredmedia":[{"embeddable":true,"href":"https:\/\/amb.org.br\/asb\/wp-json\/wp\/v2\/media\/40"}],"wp:attachment":[{"href":"https:\/\/amb.org.br\/asb\/wp-json\/wp\/v2\/media?parent=39"}],"curies":[{"name":"wp","href":"https:\/\/api.w.org\/{rel}","templated":true}]}}